{"id":101,"date":"2020-10-31T16:32:25","date_gmt":"2020-10-31T15:32:25","guid":{"rendered":"http:\/\/www.bajrakowski.pl\/?page_id=101"},"modified":"2026-04-16T20:07:36","modified_gmt":"2026-04-16T18:07:36","slug":"o-firmie","status":"publish","type":"page","link":"https:\/\/www.bajrakowski.pl\/index.php\/o-firmie\/","title":{"rendered":"O Firmie"},"content":{"rendered":"\n<p>W\u0142a\u015bcicielem firmy oraz Kierownikiem O\u015brodka Szkolenia Kierowc\u00f3w jest Krystian Bajrakowski.<\/p>\n\n\n\n<div class=\"wp-block-jetpack-slideshow aligncenter\" data-effect=\"slide\"><div class=\"wp-block-jetpack-slideshow_container swiper\"><ul class=\"wp-block-jetpack-slideshow_swiper-wrapper swiper-wrapper\"><li class=\"wp-block-jetpack-slideshow_slide swiper-slide\"><figure><img loading=\"lazy\" decoding=\"async\" width=\"1000\" height=\"701\" alt=\"\" class=\"wp-block-jetpack-slideshow_image wp-image-402\" data-id=\"402\" src=\"https:\/\/www.bajrakowski.pl\/wp-content\/uploads\/2021\/05\/Lata-90-te.jpg\" srcset=\"https:\/\/www.bajrakowski.pl\/wp-content\/uploads\/2021\/05\/Lata-90-te.jpg 1000w, https:\/\/www.bajrakowski.pl\/wp-content\/uploads\/2021\/05\/Lata-90-te-600x421.jpg 600w, https:\/\/www.bajrakowski.pl\/wp-content\/uploads\/2021\/05\/Lata-90-te-300x210.jpg 300w, https:\/\/www.bajrakowski.pl\/wp-content\/uploads\/2021\/05\/Lata-90-te-768x538.jpg 768w\" sizes=\"(max-width: 1000px) 100vw, 1000px\" \/><\/figure><\/li><\/ul><a class=\"wp-block-jetpack-slideshow_button-prev swiper-button-prev swiper-button-white\" role=\"button\"><\/a><a class=\"wp-block-jetpack-slideshow_button-next swiper-button-next swiper-button-white\" role=\"button\"><\/a><a aria-label=\"Pause Slideshow\" class=\"wp-block-jetpack-slideshow_button-pause\" role=\"button\"><\/a><div class=\"wp-block-jetpack-slideshow_pagination swiper-pagination swiper-pagination-white\"><\/div><\/div><\/div>\n\n\n\n<p>Wszystko zacz\u0119\u0142o si\u0119 od momentu kiedy Zbigniew Bajrakowski zacz\u0105\u0142 pracowa\u0107 jako instruktor nauki jazdy kat. A, B, C i D w PZMocie (Polski Zwi\u0105zek Motorowy) w Dzier\u017coniowie, p\u00f3\u017aniej w LOKu&nbsp; w Bielawie oraz w LOKu w Z\u0105bkowicach \u015al\u0105skich. Przez ten czas zdoby\u0142 wieloletnie do\u015bwiadczenie w szkoleniu kierowc\u00f3w i wyszkoli\u0142 setki zadowolonych kursant\u00f3w, kt\u00f3rzy teraz s\u0105 bardzo dobrymi kierowcami.<\/p>\n\n\n\n<div class=\"wp-block-jetpack-slideshow aligncenter\" data-effect=\"slide\"><div class=\"wp-block-jetpack-slideshow_container swiper\"><ul class=\"wp-block-jetpack-slideshow_swiper-wrapper swiper-wrapper\"><li class=\"wp-block-jetpack-slideshow_slide swiper-slide\"><figure><img loading=\"lazy\" decoding=\"async\" width=\"1024\" height=\"768\" alt=\"\" class=\"wp-block-jetpack-slideshow_image wp-image-239\" data-id=\"239\" src=\"https:\/\/www.bajrakowski.pl\/wp-content\/uploads\/2020\/11\/dscf3104.jpg\" srcset=\"https:\/\/www.bajrakowski.pl\/wp-content\/uploads\/2020\/11\/dscf3104.jpg 1024w, https:\/\/www.bajrakowski.pl\/wp-content\/uploads\/2020\/11\/dscf3104-600x450.jpg 600w, https:\/\/www.bajrakowski.pl\/wp-content\/uploads\/2020\/11\/dscf3104-300x225.jpg 300w, https:\/\/www.bajrakowski.pl\/wp-content\/uploads\/2020\/11\/dscf3104-768x576.jpg 768w\" sizes=\"(max-width: 1024px) 100vw, 1024px\" \/><\/figure><\/li><li class=\"wp-block-jetpack-slideshow_slide swiper-slide\"><figure><img loading=\"lazy\" decoding=\"async\" width=\"1024\" height=\"687\" alt=\"\" class=\"wp-block-jetpack-slideshow_image wp-image-222\" data-id=\"222\" src=\"https:\/\/www.bajrakowski.pl\/wp-content\/uploads\/2020\/11\/DSC_2969.jpg\" srcset=\"https:\/\/www.bajrakowski.pl\/wp-content\/uploads\/2020\/11\/DSC_2969.jpg 1024w, https:\/\/www.bajrakowski.pl\/wp-content\/uploads\/2020\/11\/DSC_2969-600x403.jpg 600w, https:\/\/www.bajrakowski.pl\/wp-content\/uploads\/2020\/11\/DSC_2969-300x201.jpg 300w, https:\/\/www.bajrakowski.pl\/wp-content\/uploads\/2020\/11\/DSC_2969-768x515.jpg 768w\" sizes=\"(max-width: 1024px) 100vw, 1024px\" \/><\/figure><\/li><li class=\"wp-block-jetpack-slideshow_slide swiper-slide\"><figure><img loading=\"lazy\" decoding=\"async\" width=\"1024\" height=\"768\" alt=\"\" class=\"wp-block-jetpack-slideshow_image wp-image-209\" data-id=\"209\" src=\"https:\/\/www.bajrakowski.pl\/wp-content\/uploads\/2020\/11\/25.jpg\" srcset=\"https:\/\/www.bajrakowski.pl\/wp-content\/uploads\/2020\/11\/25.jpg 1024w, https:\/\/www.bajrakowski.pl\/wp-content\/uploads\/2020\/11\/25-600x450.jpg 600w, https:\/\/www.bajrakowski.pl\/wp-content\/uploads\/2020\/11\/25-300x225.jpg 300w, https:\/\/www.bajrakowski.pl\/wp-content\/uploads\/2020\/11\/25-768x576.jpg 768w\" sizes=\"(max-width: 1024px) 100vw, 1024px\" \/><\/figure><\/li><\/ul><a class=\"wp-block-jetpack-slideshow_button-prev swiper-button-prev swiper-button-white\" role=\"button\"><\/a><a class=\"wp-block-jetpack-slideshow_button-next swiper-button-next swiper-button-white\" role=\"button\"><\/a><a aria-label=\"Pause Slideshow\" class=\"wp-block-jetpack-slideshow_button-pause\" role=\"button\"><\/a><div class=\"wp-block-jetpack-slideshow_pagination swiper-pagination swiper-pagination-white\"><\/div><\/div><\/div>\n\n\n\n<p>15 sierpnia 2006 r podj\u0105\u0142 decyzj\u0119 wraz z Krystianem Bajrakowskim o otwarciu Szko\u0142y Jazdy TOSCA w Z\u0105bkowicach \u015al\u0105skich. W Zwi\u0105zku z dynamicznym rozwojem firmy i ogromnym zainteresowaniem potencjalnych kursant\u00f3w w 2009 roku powsta\u0142a kolejna filia Szko\u0142y Jazdy TOSCA-\u00a0BAJRAKOWSKI w Bielawie, kt\u00f3ra od tego momentu staje si\u0119 g\u0142\u00f3wn\u0105 siedzib\u0105 firmy. Kolejny etap w rozwoju firmy nast\u0105pi\u0142 w 2017 roku &#8211; nowa nazwa firmy Szko\u0142a Jazdy BAJRAKOWSKI, kt\u00f3ra ma nawi\u0105zywa\u0107 do tradycji firmy, oraz w\u0142a\u015bcicieli. W roku 2023 powstaje nowa firma BAJRAKOWSKI Group, kt\u00f3rej w\u0142a\u015bcicielem jest Krystian Bajrakowski.<\/p>\n\n\n\n<div class=\"wp-block-jetpack-slideshow aligncenter\" data-effect=\"slide\"><div class=\"wp-block-jetpack-slideshow_container swiper\"><ul class=\"wp-block-jetpack-slideshow_swiper-wrapper swiper-wrapper\"><li class=\"wp-block-jetpack-slideshow_slide swiper-slide\"><figure><img loading=\"lazy\" decoding=\"async\" width=\"2560\" height=\"1920\" alt=\"\" class=\"wp-block-jetpack-slideshow_image wp-image-275\" data-id=\"275\" src=\"https:\/\/www.bajrakowski.pl\/wp-content\/uploads\/2020\/11\/20170904_132803-1-scaled.jpg\" srcset=\"https:\/\/www.bajrakowski.pl\/wp-content\/uploads\/2020\/11\/20170904_132803-1-scaled.jpg 2560w, https:\/\/www.bajrakowski.pl\/wp-content\/uploads\/2020\/11\/20170904_132803-1-scaled-600x450.jpg 600w, https:\/\/www.bajrakowski.pl\/wp-content\/uploads\/2020\/11\/20170904_132803-1-300x225.jpg 300w, https:\/\/www.bajrakowski.pl\/wp-content\/uploads\/2020\/11\/20170904_132803-1-1024x768.jpg 1024w, https:\/\/www.bajrakowski.pl\/wp-content\/uploads\/2020\/11\/20170904_132803-1-768x576.jpg 768w, https:\/\/www.bajrakowski.pl\/wp-content\/uploads\/2020\/11\/20170904_132803-1-1536x1152.jpg 1536w, https:\/\/www.bajrakowski.pl\/wp-content\/uploads\/2020\/11\/20170904_132803-1-2048x1536.jpg 2048w\" sizes=\"(max-width: 2560px) 100vw, 2560px\" \/><\/figure><\/li><li class=\"wp-block-jetpack-slideshow_slide swiper-slide\"><figure><img loading=\"lazy\" decoding=\"async\" width=\"2560\" height=\"1920\" alt=\"\" class=\"wp-block-jetpack-slideshow_image wp-image-284\" data-id=\"284\" src=\"https:\/\/www.bajrakowski.pl\/wp-content\/uploads\/2020\/11\/20170904_132934-1-scaled.jpg\" srcset=\"https:\/\/www.bajrakowski.pl\/wp-content\/uploads\/2020\/11\/20170904_132934-1-scaled.jpg 2560w, https:\/\/www.bajrakowski.pl\/wp-content\/uploads\/2020\/11\/20170904_132934-1-scaled-600x450.jpg 600w, https:\/\/www.bajrakowski.pl\/wp-content\/uploads\/2020\/11\/20170904_132934-1-300x225.jpg 300w, https:\/\/www.bajrakowski.pl\/wp-content\/uploads\/2020\/11\/20170904_132934-1-1024x768.jpg 1024w, https:\/\/www.bajrakowski.pl\/wp-content\/uploads\/2020\/11\/20170904_132934-1-768x576.jpg 768w, https:\/\/www.bajrakowski.pl\/wp-content\/uploads\/2020\/11\/20170904_132934-1-1536x1152.jpg 1536w, https:\/\/www.bajrakowski.pl\/wp-content\/uploads\/2020\/11\/20170904_132934-1-2048x1536.jpg 2048w\" sizes=\"(max-width: 2560px) 100vw, 2560px\" \/><\/figure><\/li><li class=\"wp-block-jetpack-slideshow_slide swiper-slide\"><figure><img loading=\"lazy\" decoding=\"async\" width=\"2560\" height=\"1920\" alt=\"\" class=\"wp-block-jetpack-slideshow_image wp-image-301\" data-id=\"301\" src=\"https:\/\/www.bajrakowski.pl\/wp-content\/uploads\/2020\/11\/20170904_133921-scaled.jpg\" srcset=\"https:\/\/www.bajrakowski.pl\/wp-content\/uploads\/2020\/11\/20170904_133921-scaled.jpg 2560w, https:\/\/www.bajrakowski.pl\/wp-content\/uploads\/2020\/11\/20170904_133921-scaled-600x450.jpg 600w, https:\/\/www.bajrakowski.pl\/wp-content\/uploads\/2020\/11\/20170904_133921-300x225.jpg 300w, https:\/\/www.bajrakowski.pl\/wp-content\/uploads\/2020\/11\/20170904_133921-1024x768.jpg 1024w, https:\/\/www.bajrakowski.pl\/wp-content\/uploads\/2020\/11\/20170904_133921-768x576.jpg 768w, https:\/\/www.bajrakowski.pl\/wp-content\/uploads\/2020\/11\/20170904_133921-1536x1152.jpg 1536w, https:\/\/www.bajrakowski.pl\/wp-content\/uploads\/2020\/11\/20170904_133921-2048x1536.jpg 2048w\" sizes=\"(max-width: 2560px) 100vw, 2560px\" \/><\/figure><\/li><\/ul><a class=\"wp-block-jetpack-slideshow_button-prev swiper-button-prev swiper-button-white\" role=\"button\"><\/a><a class=\"wp-block-jetpack-slideshow_button-next swiper-button-next swiper-button-white\" role=\"button\"><\/a><a aria-label=\"Pause Slideshow\" class=\"wp-block-jetpack-slideshow_button-pause\" role=\"button\"><\/a><div class=\"wp-block-jetpack-slideshow_pagination swiper-pagination swiper-pagination-white\"><\/div><\/div><\/div>\n\n\n\n<p>Dzisiaj byli kursanci polecaj\u0105&nbsp;nasz\u0105 szko\u0142\u0119 jazdy&nbsp;przyprowadzaj\u0105c na kurs swoje dzieci, znajomych i tak jak oni zdaj\u0105 egzamin za pierwszym podej\u015bciem przekonuj\u0105c si\u0119 o wysokiej jako\u015bci szkole\u0144 w naszym o\u015brodku szkolenia kierowc\u00f3w.<\/p>\n\n\n\n<div class=\"wp-block-jetpack-slideshow aligncenter\" data-effect=\"slide\"><div class=\"wp-block-jetpack-slideshow_container swiper\"><ul class=\"wp-block-jetpack-slideshow_swiper-wrapper swiper-wrapper\"><li class=\"wp-block-jetpack-slideshow_slide swiper-slide\"><figure><img loading=\"lazy\" decoding=\"async\" width=\"1024\" height=\"562\" alt=\"\" class=\"wp-block-jetpack-slideshow_image wp-image-349\" data-id=\"349\" src=\"https:\/\/www.bajrakowski.pl\/wp-content\/uploads\/2020\/12\/20201211_163407-1024x562.jpg\" srcset=\"https:\/\/www.bajrakowski.pl\/wp-content\/uploads\/2020\/12\/20201211_163407-1024x562.jpg 1024w, https:\/\/www.bajrakowski.pl\/wp-content\/uploads\/2020\/12\/20201211_163407-scaled-600x329.jpg 600w, https:\/\/www.bajrakowski.pl\/wp-content\/uploads\/2020\/12\/20201211_163407-300x165.jpg 300w, https:\/\/www.bajrakowski.pl\/wp-content\/uploads\/2020\/12\/20201211_163407-768x422.jpg 768w, https:\/\/www.bajrakowski.pl\/wp-content\/uploads\/2020\/12\/20201211_163407-1536x843.jpg 1536w, https:\/\/www.bajrakowski.pl\/wp-content\/uploads\/2020\/12\/20201211_163407-2048x1124.jpg 2048w\" sizes=\"(max-width: 1024px) 100vw, 1024px\" \/><\/figure><\/li><li class=\"wp-block-jetpack-slideshow_slide swiper-slide\"><figure><img loading=\"lazy\" decoding=\"async\" width=\"1024\" height=\"768\" alt=\"\" class=\"wp-block-jetpack-slideshow_image wp-image-348\" data-id=\"348\" src=\"https:\/\/www.bajrakowski.pl\/wp-content\/uploads\/2020\/12\/20201211_163021-1024x768.jpg\" srcset=\"https:\/\/www.bajrakowski.pl\/wp-content\/uploads\/2020\/12\/20201211_163021-1024x768.jpg 1024w, https:\/\/www.bajrakowski.pl\/wp-content\/uploads\/2020\/12\/20201211_163021-scaled-600x450.jpg 600w, https:\/\/www.bajrakowski.pl\/wp-content\/uploads\/2020\/12\/20201211_163021-300x225.jpg 300w, https:\/\/www.bajrakowski.pl\/wp-content\/uploads\/2020\/12\/20201211_163021-768x576.jpg 768w, https:\/\/www.bajrakowski.pl\/wp-content\/uploads\/2020\/12\/20201211_163021-1536x1152.jpg 1536w, https:\/\/www.bajrakowski.pl\/wp-content\/uploads\/2020\/12\/20201211_163021-2048x1536.jpg 2048w\" sizes=\"(max-width: 1024px) 100vw, 1024px\" \/><\/figure><\/li><li class=\"wp-block-jetpack-slideshow_slide swiper-slide\"><figure><img loading=\"lazy\" decoding=\"async\" width=\"1024\" height=\"452\" alt=\"\" class=\"wp-block-jetpack-slideshow_image wp-image-350\" data-id=\"350\" src=\"https:\/\/www.bajrakowski.pl\/wp-content\/uploads\/2020\/12\/20201211_163849-1024x452.jpg\" srcset=\"https:\/\/www.bajrakowski.pl\/wp-content\/uploads\/2020\/12\/20201211_163849-1024x452.jpg 1024w, https:\/\/www.bajrakowski.pl\/wp-content\/uploads\/2020\/12\/20201211_163849-600x265.jpg 600w, https:\/\/www.bajrakowski.pl\/wp-content\/uploads\/2020\/12\/20201211_163849-300x133.jpg 300w, https:\/\/www.bajrakowski.pl\/wp-content\/uploads\/2020\/12\/20201211_163849-768x339.jpg 768w, https:\/\/www.bajrakowski.pl\/wp-content\/uploads\/2020\/12\/20201211_163849-1536x679.jpg 1536w, https:\/\/www.bajrakowski.pl\/wp-content\/uploads\/2020\/12\/20201211_163849.jpg 1600w\" sizes=\"(max-width: 1024px) 100vw, 1024px\" \/><\/figure><\/li><\/ul><a class=\"wp-block-jetpack-slideshow_button-prev swiper-button-prev swiper-button-white\" role=\"button\"><\/a><a class=\"wp-block-jetpack-slideshow_button-next swiper-button-next swiper-button-white\" role=\"button\"><\/a><a aria-label=\"Pause Slideshow\" class=\"wp-block-jetpack-slideshow_button-pause\" role=\"button\"><\/a><div class=\"wp-block-jetpack-slideshow_pagination swiper-pagination swiper-pagination-white\"><\/div><\/div><\/div>\n\n\n\n<p>Nasi instruktorzy posiadaj\u0105 wszystkie kat. prawa jazdy, 30 lat do\u015bwiadczenia w szkoleniu&nbsp;kierowc\u00f3w. Uko\u0144czyli tak\u017ce kurs kwalifikacyjny kandydat\u00f3w na egzaminator\u00f3w, oraz odbywali praktyki jako egzaminator w Wojew\u00f3dzkim O\u015brodku Ruchu Drogowego w Wa\u0142brzychu. Przeje\u017adzili te\u017c&nbsp;setki tysi\u0119cy&nbsp;kilometr\u00f3w jako kierowcy zawodowi.<\/p>\n\n\n\n<div class=\"wp-block-jetpack-slideshow aligncenter\" data-effect=\"slide\"><div class=\"wp-block-jetpack-slideshow_container swiper\"><ul class=\"wp-block-jetpack-slideshow_swiper-wrapper swiper-wrapper\"><li class=\"wp-block-jetpack-slideshow_slide swiper-slide\"><figure><img loading=\"lazy\" decoding=\"async\" width=\"850\" height=\"1169\" alt=\"\" class=\"wp-block-jetpack-slideshow_image wp-image-212\" data-id=\"212\" src=\"https:\/\/www.bajrakowski.pl\/wp-content\/uploads\/2020\/11\/certyfikat3.jpg\" srcset=\"https:\/\/www.bajrakowski.pl\/wp-content\/uploads\/2020\/11\/certyfikat3.jpg 850w, https:\/\/www.bajrakowski.pl\/wp-content\/uploads\/2020\/11\/certyfikat3-600x825.jpg 600w, https:\/\/www.bajrakowski.pl\/wp-content\/uploads\/2020\/11\/certyfikat3-218x300.jpg 218w, https:\/\/www.bajrakowski.pl\/wp-content\/uploads\/2020\/11\/certyfikat3-745x1024.jpg 745w, https:\/\/www.bajrakowski.pl\/wp-content\/uploads\/2020\/11\/certyfikat3-768x1056.jpg 768w\" sizes=\"(max-width: 850px) 100vw, 850px\" \/><\/figure><\/li><li class=\"wp-block-jetpack-slideshow_slide swiper-slide\"><figure><img loading=\"lazy\" decoding=\"async\" width=\"850\" height=\"1169\" alt=\"\" class=\"wp-block-jetpack-slideshow_image wp-image-210\" data-id=\"210\" src=\"https:\/\/www.bajrakowski.pl\/wp-content\/uploads\/2020\/11\/certyfikat1.jpg\" srcset=\"https:\/\/www.bajrakowski.pl\/wp-content\/uploads\/2020\/11\/certyfikat1.jpg 850w, https:\/\/www.bajrakowski.pl\/wp-content\/uploads\/2020\/11\/certyfikat1-600x825.jpg 600w, https:\/\/www.bajrakowski.pl\/wp-content\/uploads\/2020\/11\/certyfikat1-218x300.jpg 218w, https:\/\/www.bajrakowski.pl\/wp-content\/uploads\/2020\/11\/certyfikat1-745x1024.jpg 745w, https:\/\/www.bajrakowski.pl\/wp-content\/uploads\/2020\/11\/certyfikat1-768x1056.jpg 768w\" sizes=\"(max-width: 850px) 100vw, 850px\" \/><\/figure><\/li><li class=\"wp-block-jetpack-slideshow_slide swiper-slide\"><figure><img loading=\"lazy\" decoding=\"async\" width=\"850\" height=\"1169\" alt=\"\" class=\"wp-block-jetpack-slideshow_image wp-image-211\" data-id=\"211\" src=\"https:\/\/www.bajrakowski.pl\/wp-content\/uploads\/2020\/11\/certyfikat2.jpg\" srcset=\"https:\/\/www.bajrakowski.pl\/wp-content\/uploads\/2020\/11\/certyfikat2.jpg 850w, https:\/\/www.bajrakowski.pl\/wp-content\/uploads\/2020\/11\/certyfikat2-600x825.jpg 600w, https:\/\/www.bajrakowski.pl\/wp-content\/uploads\/2020\/11\/certyfikat2-218x300.jpg 218w, https:\/\/www.bajrakowski.pl\/wp-content\/uploads\/2020\/11\/certyfikat2-745x1024.jpg 745w, https:\/\/www.bajrakowski.pl\/wp-content\/uploads\/2020\/11\/certyfikat2-768x1056.jpg 768w\" sizes=\"(max-width: 850px) 100vw, 850px\" \/><\/figure><\/li><li class=\"wp-block-jetpack-slideshow_slide swiper-slide\"><figure><img loading=\"lazy\" decoding=\"async\" width=\"850\" height=\"1169\" alt=\"\" class=\"wp-block-jetpack-slideshow_image wp-image-213\" data-id=\"213\" src=\"https:\/\/www.bajrakowski.pl\/wp-content\/uploads\/2020\/11\/certyfikat4.jpg\" srcset=\"https:\/\/www.bajrakowski.pl\/wp-content\/uploads\/2020\/11\/certyfikat4.jpg 850w, https:\/\/www.bajrakowski.pl\/wp-content\/uploads\/2020\/11\/certyfikat4-600x825.jpg 600w, https:\/\/www.bajrakowski.pl\/wp-content\/uploads\/2020\/11\/certyfikat4-218x300.jpg 218w, https:\/\/www.bajrakowski.pl\/wp-content\/uploads\/2020\/11\/certyfikat4-745x1024.jpg 745w, https:\/\/www.bajrakowski.pl\/wp-content\/uploads\/2020\/11\/certyfikat4-768x1056.jpg 768w\" sizes=\"(max-width: 850px) 100vw, 850px\" \/><\/figure><\/li><\/ul><a class=\"wp-block-jetpack-slideshow_button-prev swiper-button-prev swiper-button-white\" role=\"button\"><\/a><a class=\"wp-block-jetpack-slideshow_button-next swiper-button-next swiper-button-white\" role=\"button\"><\/a><a aria-label=\"Pause Slideshow\" class=\"wp-block-jetpack-slideshow_button-pause\" role=\"button\"><\/a><div class=\"wp-block-jetpack-slideshow_pagination swiper-pagination swiper-pagination-white\"><\/div><\/div><\/div>\n\n\n\n<p>Stawiamy na jak najwy\u017csz\u0105 jako\u015b\u0107 szkole\u0144, dlatego inwestujemy ca\u0142y czas w podnoszenie swoich kwalifikacji, wykszta\u0142cenie oraz w samochody.<\/p>\n\n\n\n<div class=\"wp-block-jetpack-slideshow aligncenter\" data-effect=\"slide\"><div class=\"wp-block-jetpack-slideshow_container swiper\"><ul class=\"wp-block-jetpack-slideshow_swiper-wrapper swiper-wrapper\"><li class=\"wp-block-jetpack-slideshow_slide swiper-slide\"><figure><img loading=\"lazy\" decoding=\"async\" width=\"1024\" height=\"722\" alt=\"\" class=\"wp-block-jetpack-slideshow_image wp-image-399\" data-id=\"399\" src=\"https:\/\/www.bajrakowski.pl\/wp-content\/uploads\/2021\/05\/CCI_000017-1024x722.jpg\" srcset=\"https:\/\/www.bajrakowski.pl\/wp-content\/uploads\/2021\/05\/CCI_000017-1024x722.jpg 1024w, https:\/\/www.bajrakowski.pl\/wp-content\/uploads\/2021\/05\/CCI_000017-scaled-600x423.jpg 600w, https:\/\/www.bajrakowski.pl\/wp-content\/uploads\/2021\/05\/CCI_000017-300x211.jpg 300w, https:\/\/www.bajrakowski.pl\/wp-content\/uploads\/2021\/05\/CCI_000017-768x541.jpg 768w, https:\/\/www.bajrakowski.pl\/wp-content\/uploads\/2021\/05\/CCI_000017-1536x1083.jpg 1536w, https:\/\/www.bajrakowski.pl\/wp-content\/uploads\/2021\/05\/CCI_000017-2048x1444.jpg 2048w\" sizes=\"(max-width: 1024px) 100vw, 1024px\" \/><\/figure><\/li><li class=\"wp-block-jetpack-slideshow_slide swiper-slide\"><figure><img loading=\"lazy\" decoding=\"async\" width=\"1024\" height=\"722\" alt=\"\" class=\"wp-block-jetpack-slideshow_image wp-image-398\" data-id=\"398\" src=\"https:\/\/www.bajrakowski.pl\/wp-content\/uploads\/2021\/05\/CCI_000016-1024x722.jpg\" srcset=\"https:\/\/www.bajrakowski.pl\/wp-content\/uploads\/2021\/05\/CCI_000016-1024x722.jpg 1024w, https:\/\/www.bajrakowski.pl\/wp-content\/uploads\/2021\/05\/CCI_000016-scaled-600x423.jpg 600w, https:\/\/www.bajrakowski.pl\/wp-content\/uploads\/2021\/05\/CCI_000016-300x211.jpg 300w, https:\/\/www.bajrakowski.pl\/wp-content\/uploads\/2021\/05\/CCI_000016-768x541.jpg 768w, https:\/\/www.bajrakowski.pl\/wp-content\/uploads\/2021\/05\/CCI_000016-1536x1083.jpg 1536w, https:\/\/www.bajrakowski.pl\/wp-content\/uploads\/2021\/05\/CCI_000016-2048x1444.jpg 2048w\" sizes=\"(max-width: 1024px) 100vw, 1024px\" \/><\/figure><\/li><\/ul><a class=\"wp-block-jetpack-slideshow_button-prev swiper-button-prev swiper-button-white\" role=\"button\"><\/a><a class=\"wp-block-jetpack-slideshow_button-next swiper-button-next swiper-button-white\" role=\"button\"><\/a><a aria-label=\"Pause Slideshow\" class=\"wp-block-jetpack-slideshow_button-pause\" role=\"button\"><\/a><div class=\"wp-block-jetpack-slideshow_pagination swiper-pagination swiper-pagination-white\"><\/div><\/div><\/div>\n\n\n\n<p>Jak wida\u0107 jako jedna z nielicznych szk\u00f3\u0142 w Powiecie Dzier\u017coniowskim&nbsp;posiadamy autentyczne, udokumentowane do\u015bwiadczenie oraz wszystkie mo\u017cliwe kwalifikacje. Dlatego masz pewno\u015b\u0107, \u017ce w naszej szkole zostaniesz bardzo dobrze przygotowany do zdania Egzaminu Pa\u0144stwowego.<\/p>\n\n\n\n<p><\/p>\n","protected":false},"excerpt":{"rendered":"<p>W\u0142a\u015bcicielem firmy oraz Kierownikiem O\u015brodka Szkolenia Kierowc\u00f3w jest Krystian Bajrakowski. Wszystko zacz\u0119\u0142o si\u0119 od momentu kiedy Zbigniew Bajrakowski zacz\u0105\u0142 pracowa\u0107 jako instruktor nauki jazdy kat. A, B, C i D w PZMocie (Polski Zwi\u0105zek Motorowy) w Dzier\u017coniowie, p\u00f3\u017aniej w LOKu&nbsp; w Bielawie oraz w LOKu w Z\u0105bkowicach \u015al\u0105skich. Przez ten czas zdoby\u0142 wieloletnie do\u015bwiadczenie w &#8230; <a title=\"O Firmie\" class=\"read-more\" href=\"https:\/\/www.bajrakowski.pl\/index.php\/o-firmie\/\" aria-label=\"Dowiedz si\u0119 wi\u0119cej o O Firmie\">Dowiedz si\u0119 wi\u0119cej<\/a><\/p>\n","protected":false},"author":1,"featured_media":0,"parent":0,"menu_order":0,"comment_status":"closed","ping_status":"closed","template":"","meta":{"footnotes":""},"class_list":["post-101","page","type-page","status-publish"],"jetpack_sharing_enabled":true,"_links":{"self":[{"href":"https:\/\/www.bajrakowski.pl\/index.php\/wp-json\/wp\/v2\/pages\/101","targetHints":{"allow":["GET"]}}],"collection":[{"href":"https:\/\/www.bajrakowski.pl\/index.php\/wp-json\/wp\/v2\/pages"}],"about":[{"href":"https:\/\/www.bajrakowski.pl\/index.php\/wp-json\/wp\/v2\/types\/page"}],"author":[{"embeddable":true,"href":"https:\/\/www.bajrakowski.pl\/index.php\/wp-json\/wp\/v2\/users\/1"}],"replies":[{"embeddable":true,"href":"https:\/\/www.bajrakowski.pl\/index.php\/wp-json\/wp\/v2\/comments?post=101"}],"version-history":[{"count":15,"href":"https:\/\/www.bajrakowski.pl\/index.php\/wp-json\/wp\/v2\/pages\/101\/revisions"}],"predecessor-version":[{"id":1119,"href":"https:\/\/www.bajrakowski.pl\/index.php\/wp-json\/wp\/v2\/pages\/101\/revisions\/1119"}],"wp:attachment":[{"href":"https:\/\/www.bajrakowski.pl\/index.php\/wp-json\/wp\/v2\/media?parent=101"}],"curies":[{"name":"wp","href":"https:\/\/api.w.org\/{rel}","templated":true}]}}