{"id":103,"date":"2020-10-31T16:34:27","date_gmt":"2020-10-31T15:34:27","guid":{"rendered":"http:\/\/www.bajrakowski.pl\/?page_id=103"},"modified":"2026-04-09T19:30:58","modified_gmt":"2026-04-09T17:30:58","slug":"jazdy-dodatkowe","status":"publish","type":"page","link":"https:\/\/www.bajrakowski.pl\/index.php\/jazdy-dodatkowe\/","title":{"rendered":"Jazdy Dodatkowe"},"content":{"rendered":"\n<div class=\"wp-block-group\"><div class=\"wp-block-group__inner-container is-layout-flow wp-block-group-is-layout-flow\">\n<div class=\"wp-block-jetpack-slideshow aligncenter\" data-effect=\"slide\"><div class=\"wp-block-jetpack-slideshow_container swiper\"><ul class=\"wp-block-jetpack-slideshow_swiper-wrapper swiper-wrapper\"><li class=\"wp-block-jetpack-slideshow_slide swiper-slide\"><figure><img loading=\"lazy\" decoding=\"async\" width=\"2560\" height=\"1405\" alt=\"\" class=\"wp-block-jetpack-slideshow_image wp-image-349\" data-id=\"349\" src=\"https:\/\/www.bajrakowski.pl\/wp-content\/uploads\/2020\/12\/20201211_163407-scaled.jpg\" srcset=\"https:\/\/www.bajrakowski.pl\/wp-content\/uploads\/2020\/12\/20201211_163407-scaled.jpg 2560w, https:\/\/www.bajrakowski.pl\/wp-content\/uploads\/2020\/12\/20201211_163407-scaled-600x329.jpg 600w, https:\/\/www.bajrakowski.pl\/wp-content\/uploads\/2020\/12\/20201211_163407-300x165.jpg 300w, https:\/\/www.bajrakowski.pl\/wp-content\/uploads\/2020\/12\/20201211_163407-1024x562.jpg 1024w, https:\/\/www.bajrakowski.pl\/wp-content\/uploads\/2020\/12\/20201211_163407-768x422.jpg 768w, https:\/\/www.bajrakowski.pl\/wp-content\/uploads\/2020\/12\/20201211_163407-1536x843.jpg 1536w, https:\/\/www.bajrakowski.pl\/wp-content\/uploads\/2020\/12\/20201211_163407-2048x1124.jpg 2048w\" sizes=\"(max-width: 2560px) 100vw, 2560px\" \/><\/figure><\/li><li class=\"wp-block-jetpack-slideshow_slide swiper-slide\"><figure><img loading=\"lazy\" decoding=\"async\" width=\"2560\" height=\"1920\" alt=\"\" class=\"wp-block-jetpack-slideshow_image wp-image-348\" data-id=\"348\" src=\"https:\/\/www.bajrakowski.pl\/wp-content\/uploads\/2020\/12\/20201211_163021-scaled.jpg\" srcset=\"https:\/\/www.bajrakowski.pl\/wp-content\/uploads\/2020\/12\/20201211_163021-scaled.jpg 2560w, https:\/\/www.bajrakowski.pl\/wp-content\/uploads\/2020\/12\/20201211_163021-scaled-600x450.jpg 600w, https:\/\/www.bajrakowski.pl\/wp-content\/uploads\/2020\/12\/20201211_163021-300x225.jpg 300w, https:\/\/www.bajrakowski.pl\/wp-content\/uploads\/2020\/12\/20201211_163021-1024x768.jpg 1024w, https:\/\/www.bajrakowski.pl\/wp-content\/uploads\/2020\/12\/20201211_163021-768x576.jpg 768w, https:\/\/www.bajrakowski.pl\/wp-content\/uploads\/2020\/12\/20201211_163021-1536x1152.jpg 1536w, https:\/\/www.bajrakowski.pl\/wp-content\/uploads\/2020\/12\/20201211_163021-2048x1536.jpg 2048w\" sizes=\"(max-width: 2560px) 100vw, 2560px\" \/><\/figure><\/li><\/ul><a class=\"wp-block-jetpack-slideshow_button-prev swiper-button-prev swiper-button-white\" role=\"button\"><\/a><a class=\"wp-block-jetpack-slideshow_button-next swiper-button-next swiper-button-white\" role=\"button\"><\/a><a aria-label=\"Pause Slideshow\" class=\"wp-block-jetpack-slideshow_button-pause\" role=\"button\"><\/a><div class=\"wp-block-jetpack-slideshow_pagination swiper-pagination swiper-pagination-white\"><\/div><\/div><\/div>\n\n\n\n<p>Jazdy prowadzone s\u0105 na samochodach Toyotach Yaris IV 1.5 125 KM przez naszych wykwalifikowanych i do\u015bwiadczonych instruktor\u00f3w.<\/p>\n\n\n\n<p>Jazdy dodatkowe przeznaczone s\u0105 dla os\u00f3b, kt\u00f3re:<\/p>\n\n\n\n<ul class=\"wp-block-list\">\n<li> nie mog\u0105 zda\u0107 Egzaminu Pa\u0144stwowego<\/li>\n<\/ul>\n\n\n\n<ul class=\"wp-block-list\">\n<li> nie czuj\u0105 si\u0119 gotowe po sko\u0144czonym kursie do p\u00f3j\u015bcia na Egzamin Pa\u0144stwowy<\/li>\n<\/ul>\n\n\n\n<ul class=\"wp-block-list\">\n<li>po d\u0142u\u017cszej przerwie chc\u0105 ponownie podej\u015b\u0107 do Egzaminu Pa\u0144stwowego<\/li>\n<\/ul>\n\n\n\n<p>Pami\u0119taj, \u017ce w wi\u0119kszo\u015bci przypadk\u00f3w, nawet po wielu latach przerwy nie trzeba robi\u0107 od pocz\u0105tku kursu na prawo jazdy je\u015bli zosta\u0142 uko\u0144czony. Wystarczy tylko skorzysta\u0107 z jazd doszkalaj\u0105cych.<\/p>\n<\/div><\/div>\n","protected":false},"excerpt":{"rendered":"<p>Jazdy prowadzone s\u0105 na samochodach Toyotach Yaris IV 1.5 125 KM przez naszych wykwalifikowanych i do\u015bwiadczonych instruktor\u00f3w. Jazdy dodatkowe przeznaczone s\u0105 dla os\u00f3b, kt\u00f3re: Pami\u0119taj, \u017ce w wi\u0119kszo\u015bci przypadk\u00f3w, nawet po wielu latach przerwy nie trzeba robi\u0107 od pocz\u0105tku kursu na prawo jazdy je\u015bli zosta\u0142 uko\u0144czony. Wystarczy tylko skorzysta\u0107 z jazd doszkalaj\u0105cych.<\/p>\n","protected":false},"author":1,"featured_media":0,"parent":0,"menu_order":0,"comment_status":"closed","ping_status":"closed","template":"","meta":{"footnotes":""},"class_list":["post-103","page","type-page","status-publish"],"jetpack_sharing_enabled":true,"_links":{"self":[{"href":"https:\/\/www.bajrakowski.pl\/index.php\/wp-json\/wp\/v2\/pages\/103","targetHints":{"allow":["GET"]}}],"collection":[{"href":"https:\/\/www.bajrakowski.pl\/index.php\/wp-json\/wp\/v2\/pages"}],"about":[{"href":"https:\/\/www.bajrakowski.pl\/index.php\/wp-json\/wp\/v2\/types\/page"}],"author":[{"embeddable":true,"href":"https:\/\/www.bajrakowski.pl\/index.php\/wp-json\/wp\/v2\/users\/1"}],"replies":[{"embeddable":true,"href":"https:\/\/www.bajrakowski.pl\/index.php\/wp-json\/wp\/v2\/comments?post=103"}],"version-history":[{"count":15,"href":"https:\/\/www.bajrakowski.pl\/index.php\/wp-json\/wp\/v2\/pages\/103\/revisions"}],"predecessor-version":[{"id":1106,"href":"https:\/\/www.bajrakowski.pl\/index.php\/wp-json\/wp\/v2\/pages\/103\/revisions\/1106"}],"wp:attachment":[{"href":"https:\/\/www.bajrakowski.pl\/index.php\/wp-json\/wp\/v2\/media?parent=103"}],"curies":[{"name":"wp","href":"https:\/\/api.w.org\/{rel}","templated":true}]}}