{"id":314,"date":"2020-11-18T10:51:31","date_gmt":"2020-11-18T09:51:31","guid":{"rendered":"http:\/\/www.bajrakowski.pl\/?page_id=314"},"modified":"2026-04-17T15:25:35","modified_gmt":"2026-04-17T13:25:35","slug":"ceny-uslug","status":"publish","type":"page","link":"https:\/\/www.bajrakowski.pl\/index.php\/ceny-uslug\/","title":{"rendered":"Ceny us\u0142ug"},"content":{"rendered":"\n<div class=\"wp-block-columns is-layout-flex wp-container-core-columns-is-layout-9d6595d7 wp-block-columns-is-layout-flex\">\n<div class=\"wp-block-column is-layout-flow wp-block-column-is-layout-flow\" style=\"flex-basis:100%\">\n<figure class=\"wp-block-table is-style-regular\"><table><thead><tr><th>Jazdy na samochodach Toyota Yaris IV:<\/th><th>Cena us\u0142ugi:<\/th><\/tr><\/thead><tbody><tr><td>Standardowy kurs prawa jazdy kat. B &#8211; p\u0142atno\u015b\u0107 jednorazowa<\/td><td>4100 z\u0142<\/td><\/tr><tr><td>Standardowy kurs prawa jazdy kat. B &#8211; p\u0142atno\u015b\u0107 w 3 ratach 0%<\/td><td>4200 z\u0142<\/td><\/tr><tr><td>Standardowy kurs prawa jazdy w ratach roz\u0142o\u017conych na d\u0142u\u017cszy okres czasu. Szczeg\u00f3\u0142y oferty ratalnej poni\u017cej strony.<\/td><td>ju\u017c od 109 z\u0142 miesi\u0119cznie<\/td><\/tr><tr><td><\/td><td><\/td><\/tr><tr><td>1h jazdy dodatkowej  &#8211; nasi kursanci<\/td><td>130 z\u0142<\/td><\/tr><tr><td>1h jazdy dodatkowej  &#8211; pozosta\u0142e osoby<\/td><td>140 z\u0142<\/td><\/tr><tr><td><\/td><td><\/td><\/tr><tr><td>Pakiet 10h jazd dodatkowych &#8211; nasi kursanci<\/td><td>1200 z\u0142<\/td><\/tr><tr><td>Pakiet 10h jazd dodatkowych  &#8211; pozosta\u0142e osoby<\/td><td>1300 z\u0142<\/td><\/tr><tr><td><\/td><td><\/td><\/tr><tr><td>Ekspresowy kurs prawa jazdy &#8211; realizacja jazd w 2 tygodnie<\/td><td>4900 z\u0142<\/td><\/tr><tr><td>Ekspresowy kurs prawa jazdy roz\u0142o\u017cony w dogodnych ratach<\/td><td>ju\u017c od 130 z\u0142 miesi\u0119cznie<\/td><\/tr><tr><td><\/td><td><\/td><\/tr><tr><td>Podstawienie auta na Egzamin Pa\u0144stwowy<\/td><td>250 z\u0142<\/td><\/tr><tr><td>Podstawienie auta na Egzamin Pa\u0144stwowy &#8211; nasi kursanci<\/td><td>bezp\u0142atnie jedno podstawienie<\/td><\/tr><tr><td><\/td><td><\/td><\/tr><tr><td>1h konsultacji z wyk\u0142adowc\u0105 &#8211; nasi kursanci<\/td><td>Bezp\u0142atnie<\/td><\/tr><tr><td>1h konsultacji z wyk\u0142adowc\u0105  &#8211; pozosta\u0142e osoby<\/td><td>50 z\u0142<\/td><\/tr><\/tbody><\/table><\/figure>\n<\/div>\n<\/div>\n\n\n\n<h4 class=\"wp-block-heading has-text-align-center\">P\u0142atno\u015b\u0107 za kurs w 3 ratach 0%:<\/h4>\n\n\n\n<figure class=\"wp-block-table\"><table><tbody><tr><td>I rata &#8211; zapisanie<\/td><td>II rata do10h jazd<\/td><td>III rata do 20h jazd<\/td><\/tr><tr><td>1400 z\u0142<\/td><td>1400 z\u0142<\/td><td>1400 z\u0142<\/td><\/tr><\/tbody><\/table><figcaption class=\"wp-element-caption\"><strong>Kurs b\u0119dzie realizowany w zale\u017cno\u015bci od procentowej wp\u0142aty w danym momencie.<\/strong><\/figcaption><\/figure>\n\n\n\n<p><\/p>\n\n\n\n<p><strong>Zapisuj\u0105c si\u0119 na kurs prawa jazdy akceptujesz poni\u017cszy regulamin.<\/strong><\/p>\n\n\n\n<p><\/p>\n\n\n\n<h4 class=\"wp-block-heading has-text-align-center\">Prawo Jazdy w ratach na 12 miesi\u0119cy? Raty na 24 miesi\u0105ce? U nas to mo\u017cliwe!<\/h4>\n\n\n\n<p>P\u0142atno\u015b\u0107 za kurs w miesi\u0119cznych ratach roz\u0142o\u017cona na wybran\u0105 przez Ciebie ilo\u015b\u0107 miesi\u0119cy. Kurs Prawa Jazdy nawet za 109 z\u0142 miesi\u0119cznie! Do rat mo\u017cesz wliczy\u0107 r\u00f3wnie\u017c op\u0142aty za Egzamin Pa\u0144stwowy czy Badania Lekarskie! Zadzwo\u0144 i uzyskaj wi\u0119cej informacji. Jedyna taka oferta prawa jazdy na raty w okolicy!<\/p>\n\n\n\n<div class=\"wp-block-group\"><div class=\"wp-block-group__inner-container is-layout-flow wp-block-group-is-layout-flow\">\n<div class=\"wp-block-group\"><div class=\"wp-block-group__inner-container is-layout-flow wp-block-group-is-layout-flow\">\n<h2 class=\"wp-block-heading alignfull has-text-align-left\">Wp\u0142at mo\u017cna dokonywa\u0107 w biurze, lub na konto Szko\u0142y Jazdy BAJRAKOWSKI<\/h2>\n\n\n\n<p><strong>Nr konta bankowego: <\/strong><\/p>\n\n\n\n<p><strong>94109022840000000153848995<\/strong><\/p>\n<\/div><\/div>\n\n\n\n<h4 class=\"wp-block-heading\"><a href=\"https:\/\/www.bajrakowski.pl\/wp-content\/uploads\/2026\/04\/Regulamin_Kurs_BAJRAKOWSKI-1.pdf\" data-type=\"link\" data-id=\"https:\/\/www.bajrakowski.pl\/wp-content\/uploads\/2026\/04\/Regulamin_Kurs_BAJRAKOWSKI-1.pdf\"><strong>Regulamin Szko\u0142a Jazdy BAJRAKOWSKI (pobierz)<\/strong><\/a><\/h4>\n<\/div><\/div>\n\n\n\n<p><\/p>\n","protected":false},"excerpt":{"rendered":"<p>Jazdy na samochodach Toyota Yaris IV: Cena us\u0142ugi: Standardowy kurs prawa jazdy kat. B &#8211; p\u0142atno\u015b\u0107 jednorazowa 4100 z\u0142 Standardowy kurs prawa jazdy kat. B &#8211; p\u0142atno\u015b\u0107 w 3 ratach 0% 4200 z\u0142 Standardowy kurs prawa jazdy w ratach roz\u0142o\u017conych na d\u0142u\u017cszy okres czasu. Szczeg\u00f3\u0142y oferty ratalnej poni\u017cej strony. ju\u017c od 109 z\u0142 miesi\u0119cznie 1h &#8230; <a title=\"Ceny us\u0142ug\" class=\"read-more\" href=\"https:\/\/www.bajrakowski.pl\/index.php\/ceny-uslug\/\" aria-label=\"Dowiedz si\u0119 wi\u0119cej o Ceny us\u0142ug\">Dowiedz si\u0119 wi\u0119cej<\/a><\/p>\n","protected":false},"author":1,"featured_media":0,"parent":0,"menu_order":0,"comment_status":"closed","ping_status":"closed","template":"","meta":{"footnotes":""},"class_list":["post-314","page","type-page","status-publish"],"jetpack_sharing_enabled":true,"_links":{"self":[{"href":"https:\/\/www.bajrakowski.pl\/index.php\/wp-json\/wp\/v2\/pages\/314","targetHints":{"allow":["GET"]}}],"collection":[{"href":"https:\/\/www.bajrakowski.pl\/index.php\/wp-json\/wp\/v2\/pages"}],"about":[{"href":"https:\/\/www.bajrakowski.pl\/index.php\/wp-json\/wp\/v2\/types\/page"}],"author":[{"embeddable":true,"href":"https:\/\/www.bajrakowski.pl\/index.php\/wp-json\/wp\/v2\/users\/1"}],"replies":[{"embeddable":true,"href":"https:\/\/www.bajrakowski.pl\/index.php\/wp-json\/wp\/v2\/comments?post=314"}],"version-history":[{"count":81,"href":"https:\/\/www.bajrakowski.pl\/index.php\/wp-json\/wp\/v2\/pages\/314\/revisions"}],"predecessor-version":[{"id":1125,"href":"https:\/\/www.bajrakowski.pl\/index.php\/wp-json\/wp\/v2\/pages\/314\/revisions\/1125"}],"wp:attachment":[{"href":"https:\/\/www.bajrakowski.pl\/index.php\/wp-json\/wp\/v2\/media?parent=314"}],"curies":[{"name":"wp","href":"https:\/\/api.w.org\/{rel}","templated":true}]}}