{"id":347,"date":"2020-12-13T21:47:14","date_gmt":"2020-12-13T20:47:14","guid":{"rendered":"http:\/\/www.bajrakowski.pl\/?page_id=347"},"modified":"2025-09-18T20:46:18","modified_gmt":"2025-09-18T18:46:18","slug":"samochody","status":"publish","type":"page","link":"https:\/\/www.bajrakowski.pl\/index.php\/samochody\/","title":{"rendered":"Samochody"},"content":{"rendered":"\n<p>Jazdy prowadzimy na samochodach Toyota Yaris IV 1.5 125KM<\/p>\n\n\n\n<div class=\"wp-block-jetpack-slideshow aligncenter\" data-effect=\"slide\"><div class=\"wp-block-jetpack-slideshow_container swiper\"><ul class=\"wp-block-jetpack-slideshow_swiper-wrapper swiper-wrapper\"><li class=\"wp-block-jetpack-slideshow_slide swiper-slide\"><figure><img loading=\"lazy\" decoding=\"async\" width=\"2560\" height=\"1405\" alt=\"\" class=\"wp-block-jetpack-slideshow_image wp-image-349\" data-id=\"349\" src=\"https:\/\/www.bajrakowski.pl\/wp-content\/uploads\/2020\/12\/20201211_163407-scaled.jpg\" srcset=\"https:\/\/www.bajrakowski.pl\/wp-content\/uploads\/2020\/12\/20201211_163407-scaled.jpg 2560w, https:\/\/www.bajrakowski.pl\/wp-content\/uploads\/2020\/12\/20201211_163407-scaled-600x329.jpg 600w, https:\/\/www.bajrakowski.pl\/wp-content\/uploads\/2020\/12\/20201211_163407-300x165.jpg 300w, https:\/\/www.bajrakowski.pl\/wp-content\/uploads\/2020\/12\/20201211_163407-1024x562.jpg 1024w, https:\/\/www.bajrakowski.pl\/wp-content\/uploads\/2020\/12\/20201211_163407-768x422.jpg 768w, https:\/\/www.bajrakowski.pl\/wp-content\/uploads\/2020\/12\/20201211_163407-1536x843.jpg 1536w, https:\/\/www.bajrakowski.pl\/wp-content\/uploads\/2020\/12\/20201211_163407-2048x1124.jpg 2048w\" sizes=\"(max-width: 2560px) 100vw, 2560px\" \/><\/figure><\/li><li class=\"wp-block-jetpack-slideshow_slide swiper-slide\"><figure><img loading=\"lazy\" decoding=\"async\" width=\"2560\" height=\"1920\" alt=\"\" class=\"wp-block-jetpack-slideshow_image wp-image-348\" data-id=\"348\" src=\"https:\/\/www.bajrakowski.pl\/wp-content\/uploads\/2020\/12\/20201211_163021-scaled.jpg\" srcset=\"https:\/\/www.bajrakowski.pl\/wp-content\/uploads\/2020\/12\/20201211_163021-scaled.jpg 2560w, https:\/\/www.bajrakowski.pl\/wp-content\/uploads\/2020\/12\/20201211_163021-scaled-600x450.jpg 600w, https:\/\/www.bajrakowski.pl\/wp-content\/uploads\/2020\/12\/20201211_163021-300x225.jpg 300w, https:\/\/www.bajrakowski.pl\/wp-content\/uploads\/2020\/12\/20201211_163021-1024x768.jpg 1024w, https:\/\/www.bajrakowski.pl\/wp-content\/uploads\/2020\/12\/20201211_163021-768x576.jpg 768w, https:\/\/www.bajrakowski.pl\/wp-content\/uploads\/2020\/12\/20201211_163021-1536x1152.jpg 1536w, https:\/\/www.bajrakowski.pl\/wp-content\/uploads\/2020\/12\/20201211_163021-2048x1536.jpg 2048w\" sizes=\"(max-width: 2560px) 100vw, 2560px\" \/><\/figure><\/li><li class=\"wp-block-jetpack-slideshow_slide swiper-slide\"><figure><img loading=\"lazy\" decoding=\"async\" width=\"1600\" height=\"707\" alt=\"\" class=\"wp-block-jetpack-slideshow_image wp-image-350\" data-id=\"350\" src=\"https:\/\/www.bajrakowski.pl\/wp-content\/uploads\/2020\/12\/20201211_163849.jpg\" srcset=\"https:\/\/www.bajrakowski.pl\/wp-content\/uploads\/2020\/12\/20201211_163849.jpg 1600w, https:\/\/www.bajrakowski.pl\/wp-content\/uploads\/2020\/12\/20201211_163849-600x265.jpg 600w, https:\/\/www.bajrakowski.pl\/wp-content\/uploads\/2020\/12\/20201211_163849-300x133.jpg 300w, https:\/\/www.bajrakowski.pl\/wp-content\/uploads\/2020\/12\/20201211_163849-1024x452.jpg 1024w, https:\/\/www.bajrakowski.pl\/wp-content\/uploads\/2020\/12\/20201211_163849-768x339.jpg 768w, https:\/\/www.bajrakowski.pl\/wp-content\/uploads\/2020\/12\/20201211_163849-1536x679.jpg 1536w\" sizes=\"(max-width: 1600px) 100vw, 1600px\" \/><\/figure><\/li><\/ul><a class=\"wp-block-jetpack-slideshow_button-prev swiper-button-prev swiper-button-white\" role=\"button\"><\/a><a class=\"wp-block-jetpack-slideshow_button-next swiper-button-next swiper-button-white\" role=\"button\"><\/a><a aria-label=\"Pause Slideshow\" class=\"wp-block-jetpack-slideshow_button-pause\" role=\"button\"><\/a><div class=\"wp-block-jetpack-slideshow_pagination swiper-pagination swiper-pagination-white\"><\/div><\/div><\/div>\n\n\n\n<p>Podstawiamy nasz samoch\u00f3d na Egzamin Pa\u0144stwowy, dlatego nie odczujesz r\u00f3\u017cnicy podczas Egzaminu Pa\u0144stwowego. Zyskujesz r\u00f3wnie\u017c dojazd i powr\u00f3t z Egzaminu w \u015awidnicy.<\/p>\n\n\n\n<p class=\"has-large-font-size\">Dla Twojego bezpiecze\u0144stwa i komfortu nowe Toyoty Yaris s\u0105 wyposa\u017cone w:<\/p>\n\n\n\n<p><img loading=\"lazy\" decoding=\"async\" height=\"16\" width=\"16\" alt=\"\u2705\" src=\"https:\/\/static.xx.fbcdn.net\/images\/emoji.php\/v9\/t33\/1\/16\/2705.png\">Uk\u0142ad wczesnego reagowania w razie ryzyka zderzenia (PCS) z systemem wykrywania pieszych i rowerzyst\u00f3w<\/p>\n\n\n\n<p><img loading=\"lazy\" decoding=\"async\" height=\"16\" width=\"16\" alt=\"\u2705\" src=\"https:\/\/static.xx.fbcdn.net\/images\/emoji.php\/v9\/t33\/1\/16\/2705.png\">Uk\u0142ad zapobiegania kolizjom na skrzy\u017cowaniach<\/p>\n\n\n\n<p><img loading=\"lazy\" decoding=\"async\" height=\"16\" width=\"16\" alt=\"\u2705\" src=\"https:\/\/static.xx.fbcdn.net\/images\/emoji.php\/v9\/t33\/1\/16\/2705.png\">Asystent utrzymania pasa ruchu (LTA)<\/p>\n\n\n\n<p><img loading=\"lazy\" decoding=\"async\" height=\"16\" width=\"16\" alt=\"\u2705\" src=\"https:\/\/static.xx.fbcdn.net\/images\/emoji.php\/v9\/t33\/1\/16\/2705.png\">Automatyczne \u015bwiat\u0142a drogowe (AHB)<\/p>\n\n\n\n<p><img loading=\"lazy\" decoding=\"async\" height=\"16\" width=\"16\" alt=\"\u2705\" src=\"https:\/\/static.xx.fbcdn.net\/images\/emoji.php\/v9\/t33\/1\/16\/2705.png\">Uk\u0142ad rozpoznawania znak\u00f3w drogowych (RSA)<\/p>\n\n\n\n<p><img loading=\"lazy\" decoding=\"async\" height=\"16\" width=\"16\" alt=\"\u2705\" src=\"https:\/\/static.xx.fbcdn.net\/images\/emoji.php\/v9\/t33\/1\/16\/2705.png\">System automatycznego powiadamiania ratunkowego (eCall)<\/p>\n\n\n\n<p><img loading=\"lazy\" decoding=\"async\" height=\"16\" width=\"16\" alt=\"\u2705\" src=\"https:\/\/static.xx.fbcdn.net\/images\/emoji.php\/v9\/t33\/1\/16\/2705.png\">System wykrywania zm\u0119czenia kierowcy (SWS)<\/p>\n\n\n\n<p><img loading=\"lazy\" decoding=\"async\" height=\"16\" width=\"16\" alt=\"\u2705\" src=\"https:\/\/static.xx.fbcdn.net\/images\/emoji.php\/v9\/t33\/1\/16\/2705.png\">Automatyczne \u015bwiat\u0142a z czujnikiem zmierzchu<\/p>\n\n\n\n<p><img loading=\"lazy\" decoding=\"async\" height=\"16\" width=\"16\" alt=\"\u2705\" src=\"https:\/\/static.xx.fbcdn.net\/images\/emoji.php\/v9\/t33\/1\/16\/2705.png\"> Kamera cofania<\/p>\n\n\n\n<p><img loading=\"lazy\" decoding=\"async\" height=\"16\" width=\"16\" alt=\"\u2705\" src=\"https:\/\/static.xx.fbcdn.net\/images\/emoji.php\/v9\/t33\/1\/16\/2705.png\"> System wspomagaj\u0105cy pokonywanie podjazd\u00f3w(HAC)<\/p>\n\n\n\n<p><img loading=\"lazy\" decoding=\"async\" height=\"16\" width=\"16\" alt=\"\u2705\" src=\"https:\/\/static.xx.fbcdn.net\/images\/emoji.php\/v9\/t33\/1\/16\/2705.png\"> Inteligentne wycieraczki z czujnikiem deszczu<\/p>\n\n\n\n<p><img loading=\"lazy\" decoding=\"async\" height=\"16\" width=\"16\" alt=\"\u2705\" src=\"https:\/\/static.xx.fbcdn.net\/images\/emoji.php\/v9\/t33\/1\/16\/2705.png\"> Automatyczny ogranicznik pr\u0119dko\u015bci (ASL)<\/p>\n\n\n\n<p><img loading=\"lazy\" decoding=\"async\" height=\"16\" width=\"16\" alt=\"\u2705\" src=\"https:\/\/static.xx.fbcdn.net\/images\/emoji.php\/v9\/t33\/1\/16\/2705.png\"> Interfejs Android Auto i Apple CarPlay<\/p>\n","protected":false},"excerpt":{"rendered":"<p>Jazdy prowadzimy na samochodach Toyota Yaris IV 1.5 125KM Podstawiamy nasz samoch\u00f3d na Egzamin Pa\u0144stwowy, dlatego nie odczujesz r\u00f3\u017cnicy podczas Egzaminu Pa\u0144stwowego. Zyskujesz r\u00f3wnie\u017c dojazd i powr\u00f3t z Egzaminu w \u015awidnicy. Dla Twojego bezpiecze\u0144stwa i komfortu nowe Toyoty Yaris s\u0105 wyposa\u017cone w: Uk\u0142ad wczesnego reagowania w razie ryzyka zderzenia (PCS) z systemem wykrywania pieszych i &#8230; <a title=\"Samochody\" class=\"read-more\" href=\"https:\/\/www.bajrakowski.pl\/index.php\/samochody\/\" aria-label=\"Dowiedz si\u0119 wi\u0119cej o Samochody\">Dowiedz si\u0119 wi\u0119cej<\/a><\/p>\n","protected":false},"author":1,"featured_media":0,"parent":0,"menu_order":0,"comment_status":"closed","ping_status":"closed","template":"","meta":{"footnotes":""},"class_list":["post-347","page","type-page","status-publish"],"jetpack_sharing_enabled":true,"_links":{"self":[{"href":"https:\/\/www.bajrakowski.pl\/index.php\/wp-json\/wp\/v2\/pages\/347","targetHints":{"allow":["GET"]}}],"collection":[{"href":"https:\/\/www.bajrakowski.pl\/index.php\/wp-json\/wp\/v2\/pages"}],"about":[{"href":"https:\/\/www.bajrakowski.pl\/index.php\/wp-json\/wp\/v2\/types\/page"}],"author":[{"embeddable":true,"href":"https:\/\/www.bajrakowski.pl\/index.php\/wp-json\/wp\/v2\/users\/1"}],"replies":[{"embeddable":true,"href":"https:\/\/www.bajrakowski.pl\/index.php\/wp-json\/wp\/v2\/comments?post=347"}],"version-history":[{"count":13,"href":"https:\/\/www.bajrakowski.pl\/index.php\/wp-json\/wp\/v2\/pages\/347\/revisions"}],"predecessor-version":[{"id":1067,"href":"https:\/\/www.bajrakowski.pl\/index.php\/wp-json\/wp\/v2\/pages\/347\/revisions\/1067"}],"wp:attachment":[{"href":"https:\/\/www.bajrakowski.pl\/index.php\/wp-json\/wp\/v2\/media?parent=347"}],"curies":[{"name":"wp","href":"https:\/\/api.w.org\/{rel}","templated":true}]}}