{"id":76,"date":"2020-10-31T15:28:12","date_gmt":"2020-10-31T14:28:12","guid":{"rendered":"http:\/\/www.bajrakowski.pl\/?page_id=76"},"modified":"2026-03-25T07:32:22","modified_gmt":"2026-03-25T06:32:22","slug":"bajrakowski-2","status":"publish","type":"page","link":"https:\/\/www.bajrakowski.pl\/","title":{"rendered":"start"},"content":{"rendered":"\n<h2 class=\"wp-block-heading\">Szko\u0142a Jazdy nr #1 w Bielawie!<\/h2>\n\n\n\n<p><strong>Nowe przepisy od marca 2026!  Obecnie Prawo Jazdy kat. B mo\u017cesz zrobi\u0107 od 17 roku \u017cycia! Na kurs mo\u017cesz przyst\u0105pi\u0107 3 miesi\u0105ce wcze\u015bniej, czyli w wieku 16 lat i 9 miesi\u0119cy.<\/strong><\/p>\n\n\n\n<p>Profesjonalne przygotowanie do Egzaminu na Prawo Jazdy. Indywidualne podej\u015bcie. Zdob\u0105d\u017a Prawo Jazdy za pierwszym podej\u015bciem w swobodnej bezstresowej atmosferze. Najlepiej oceniana nauka jazdy w Bielawie co potwierdzaj\u0105 rankingi zdawalno\u015bci i opinie naszych kursant\u00f3w. Z nami nauka jazdy to zabawa. To Tw\u00f3j o\u015brodek szkolenia kierowc\u00f3w. <\/p>\n\n\n\n<figure class=\"wp-block-image size-full\"><img loading=\"lazy\" decoding=\"async\" width=\"819\" height=\"614\" src=\"https:\/\/www.bajrakowski.pl\/wp-content\/uploads\/2024\/03\/Projekt-bez-nazwy_20240229_100759_00001.png\" alt=\"\" class=\"wp-image-913\" srcset=\"https:\/\/www.bajrakowski.pl\/wp-content\/uploads\/2024\/03\/Projekt-bez-nazwy_20240229_100759_00001.png 819w, https:\/\/www.bajrakowski.pl\/wp-content\/uploads\/2024\/03\/Projekt-bez-nazwy_20240229_100759_00001-300x225.png 300w, https:\/\/www.bajrakowski.pl\/wp-content\/uploads\/2024\/03\/Projekt-bez-nazwy_20240229_100759_00001-768x576.png 768w\" sizes=\"auto, (max-width: 819px) 100vw, 819px\" \/><\/figure>\n\n\n\n<figure class=\"wp-block-gallery has-nested-images columns-default is-cropped wp-block-gallery-1 is-layout-flex wp-block-gallery-is-layout-flex\">\n<figure class=\"wp-block-image size-large\"><img loading=\"lazy\" decoding=\"async\" width=\"1024\" height=\"562\" data-id=\"349\" src=\"https:\/\/www.bajrakowski.pl\/wp-content\/uploads\/2020\/12\/20201211_163407-1024x562.jpg\" alt=\"\" class=\"wp-image-349\" srcset=\"https:\/\/www.bajrakowski.pl\/wp-content\/uploads\/2020\/12\/20201211_163407-1024x562.jpg 1024w, https:\/\/www.bajrakowski.pl\/wp-content\/uploads\/2020\/12\/20201211_163407-scaled-600x329.jpg 600w, https:\/\/www.bajrakowski.pl\/wp-content\/uploads\/2020\/12\/20201211_163407-300x165.jpg 300w, https:\/\/www.bajrakowski.pl\/wp-content\/uploads\/2020\/12\/20201211_163407-768x422.jpg 768w, https:\/\/www.bajrakowski.pl\/wp-content\/uploads\/2020\/12\/20201211_163407-1536x843.jpg 1536w, https:\/\/www.bajrakowski.pl\/wp-content\/uploads\/2020\/12\/20201211_163407-2048x1124.jpg 2048w\" sizes=\"auto, (max-width: 1024px) 100vw, 1024px\" \/><\/figure>\n<\/figure>\n","protected":false},"excerpt":{"rendered":"<p>Szko\u0142a Jazdy nr #1 w Bielawie! Nowe przepisy od marca 2026! Obecnie Prawo Jazdy kat. B mo\u017cesz zrobi\u0107 od 17 roku \u017cycia! Na kurs mo\u017cesz przyst\u0105pi\u0107 3 miesi\u0105ce wcze\u015bniej, czyli w wieku 16 lat i 9 miesi\u0119cy. Profesjonalne przygotowanie do Egzaminu na Prawo Jazdy. Indywidualne podej\u015bcie. Zdob\u0105d\u017a Prawo Jazdy za pierwszym podej\u015bciem w swobodnej bezstresowej &#8230; <a title=\"start\" class=\"read-more\" href=\"https:\/\/www.bajrakowski.pl\/\" aria-label=\"Dowiedz si\u0119 wi\u0119cej o start\">Dowiedz si\u0119 wi\u0119cej<\/a><\/p>\n","protected":false},"author":1,"featured_media":0,"parent":0,"menu_order":0,"comment_status":"closed","ping_status":"closed","template":"","meta":{"footnotes":""},"class_list":["post-76","page","type-page","status-publish"],"jetpack_sharing_enabled":true,"_links":{"self":[{"href":"https:\/\/www.bajrakowski.pl\/index.php\/wp-json\/wp\/v2\/pages\/76","targetHints":{"allow":["GET"]}}],"collection":[{"href":"https:\/\/www.bajrakowski.pl\/index.php\/wp-json\/wp\/v2\/pages"}],"about":[{"href":"https:\/\/www.bajrakowski.pl\/index.php\/wp-json\/wp\/v2\/types\/page"}],"author":[{"embeddable":true,"href":"https:\/\/www.bajrakowski.pl\/index.php\/wp-json\/wp\/v2\/users\/1"}],"replies":[{"embeddable":true,"href":"https:\/\/www.bajrakowski.pl\/index.php\/wp-json\/wp\/v2\/comments?post=76"}],"version-history":[{"count":48,"href":"https:\/\/www.bajrakowski.pl\/index.php\/wp-json\/wp\/v2\/pages\/76\/revisions"}],"predecessor-version":[{"id":1098,"href":"https:\/\/www.bajrakowski.pl\/index.php\/wp-json\/wp\/v2\/pages\/76\/revisions\/1098"}],"wp:attachment":[{"href":"https:\/\/www.bajrakowski.pl\/index.php\/wp-json\/wp\/v2\/media?parent=76"}],"curies":[{"name":"wp","href":"https:\/\/api.w.org\/{rel}","templated":true}]}}