{"id":93,"date":"2020-10-31T16:18:07","date_gmt":"2020-10-31T15:18:07","guid":{"rendered":"http:\/\/www.bajrakowski.pl\/?page_id=93"},"modified":"2026-04-17T15:26:47","modified_gmt":"2026-04-17T13:26:47","slug":"zapisy","status":"publish","type":"page","link":"https:\/\/www.bajrakowski.pl\/index.php\/zapisy\/","title":{"rendered":"Zapisy"},"content":{"rendered":"\n<h4 class=\"wp-block-heading\">Na kurs prawa jazdy zapisa\u0107 si\u0119 mo\u017cesz najszybciej 3 miesi\u0105ce przed uko\u0144czeniem 17tego roku \u017cycia<\/h4>\n\n\n\n<p><strong>Zadzwo\u0144  w celu zapisania si\u0119 na kurs lub jazdy dodatkowe:<\/strong><\/p>\n\n\n\n<p>\ud83d\udcde <strong>505655850<\/strong><\/p>\n\n\n\n<p><\/p>\n\n\n\n<p><\/p>\n\n\n\n<h4 class=\"wp-block-heading\">Przyst\u0119puj\u0105c na Kurs oraz Egzamin Pa\u0144stwowy wymagany b\u0119dzie numer PKK (Profil Kierowcy)<\/h4>\n\n\n\n<h4 class=\"wp-block-heading\">Jak uzyska\u0107 numer PKK:<\/h4>\n\n\n\n<p>Osoba ubiegaj\u0105ca si\u0119 o prawo jazdy lub pozwolenie przed przyst\u0105pieniem do szkolenia sk\u0142ada, okazuj\u0105c wa\u017cny dokument to\u017csamo\u015bci, nast\u0119puj\u0105ce dokumenty we w\u0142a\u015bciwym Starostwie Powiatowym (wydzia\u0142 Prawa Jazdy):<\/p>\n\n\n\n<ol class=\"wp-block-list\">\n<li>Wniosek o wydanie prawa jazdy lub pozwolenia (wniosek do pobrania w Starostwie Powiatowym w Dzier\u017coniowie, Rynek 27; Wydzia\u0142 Komunikacji i Transportu, II pi\u0119tro pok\u00f3j 210 lub w Biurze Obs\u0142ugi Klienta \u2013 Rynek 27 i \u015awidnicka 38);<\/li>\n\n\n\n<li>Orzeczenie lekarskie stwierdzaj\u0105ce brak przeciwwskaza\u0144 zdrowotnych do kierowania pojazdem i orzeczenie psychologiczne o braku przeciwwskaza\u0144 psychologicznych do kierowania pojazdem, o ile jest ono wymagane;<\/li>\n\n\n\n<li>Kolorow\u0105 fotografi\u0119 o wymiarach 35 \u00d7 45 mm<\/li>\n<\/ol>\n\n\n\n<p><strong><a href=\"http:\/\/www.esp.pwpw.pl\" data-type=\"link\" data-id=\"www.esp.pwpw.pl\">Z\u0142\u00f3\u017c wniosek o prawo jazdy (utworzenie PKK) online \u2013 poradnik krok po kroku<\/a><\/strong><\/p>\n\n\n\n<h4 class=\"wp-block-heading\">Badania lekarskie w Bielawie:<\/h4>\n\n\n\n<p>Przychodnia Kinesis ul. Paderewskiego 2, tel. 74 833 90 80<\/p>\n\n\n\n<p>Przychodnia Miejska ul. Wolno\u015bci 148, tel. 74 645 29 51<\/p>\n\n\n\n<p><\/p>\n\n\n\n<p><strong>Zapisy na Egzamin Pa\u0144stwowy przez stron\u0119 Dolno\u015bl\u0105skiego O\u015brodka Ruchu Drogowego: <a href=\"http:\/\/www.dord.dolnyslask.pl\" data-type=\"link\" data-id=\"www.dord.dolnyslask.pl\">www.dord.dolnyslask.pl<\/a><\/strong><\/p>\n\n\n\n<p><\/p>\n\n\n\n<p><strong>Zapisuj\u0105c si\u0119 na kurs prawa jazdy akceptujesz poni\u017cszy regulamin.<\/strong><\/p>\n\n\n\n<p><\/p>\n\n\n\n<p><strong><a href=\"https:\/\/www.bajrakowski.pl\/wp-content\/uploads\/2026\/04\/Regulamin_Kurs_BAJRAKOWSKI-1.pdf\" data-type=\"link\" data-id=\"https:\/\/www.bajrakowski.pl\/wp-content\/uploads\/2026\/04\/Regulamin_Kurs_BAJRAKOWSKI-1.pdf\">Regulamin Szko\u0142a Jazdy BAJRAKOWSKI (pobierz)<\/a><\/strong><\/p>\n\n\n\n<p><\/p>\n","protected":false},"excerpt":{"rendered":"<p>Na kurs prawa jazdy zapisa\u0107 si\u0119 mo\u017cesz najszybciej 3 miesi\u0105ce przed uko\u0144czeniem 17tego roku \u017cycia Zadzwo\u0144 w celu zapisania si\u0119 na kurs lub jazdy dodatkowe: \ud83d\udcde 505655850 Przyst\u0119puj\u0105c na Kurs oraz Egzamin Pa\u0144stwowy wymagany b\u0119dzie numer PKK (Profil Kierowcy) Jak uzyska\u0107 numer PKK: Osoba ubiegaj\u0105ca si\u0119 o prawo jazdy lub pozwolenie przed przyst\u0105pieniem do szkolenia &#8230; <a title=\"Zapisy\" class=\"read-more\" href=\"https:\/\/www.bajrakowski.pl\/index.php\/zapisy\/\" aria-label=\"Dowiedz si\u0119 wi\u0119cej o Zapisy\">Dowiedz si\u0119 wi\u0119cej<\/a><\/p>\n","protected":false},"author":1,"featured_media":0,"parent":0,"menu_order":0,"comment_status":"closed","ping_status":"closed","template":"","meta":{"footnotes":""},"class_list":["post-93","page","type-page","status-publish"],"jetpack_sharing_enabled":true,"_links":{"self":[{"href":"https:\/\/www.bajrakowski.pl\/index.php\/wp-json\/wp\/v2\/pages\/93","targetHints":{"allow":["GET"]}}],"collection":[{"href":"https:\/\/www.bajrakowski.pl\/index.php\/wp-json\/wp\/v2\/pages"}],"about":[{"href":"https:\/\/www.bajrakowski.pl\/index.php\/wp-json\/wp\/v2\/types\/page"}],"author":[{"embeddable":true,"href":"https:\/\/www.bajrakowski.pl\/index.php\/wp-json\/wp\/v2\/users\/1"}],"replies":[{"embeddable":true,"href":"https:\/\/www.bajrakowski.pl\/index.php\/wp-json\/wp\/v2\/comments?post=93"}],"version-history":[{"count":28,"href":"https:\/\/www.bajrakowski.pl\/index.php\/wp-json\/wp\/v2\/pages\/93\/revisions"}],"predecessor-version":[{"id":1126,"href":"https:\/\/www.bajrakowski.pl\/index.php\/wp-json\/wp\/v2\/pages\/93\/revisions\/1126"}],"wp:attachment":[{"href":"https:\/\/www.bajrakowski.pl\/index.php\/wp-json\/wp\/v2\/media?parent=93"}],"curies":[{"name":"wp","href":"https:\/\/api.w.org\/{rel}","templated":true}]}}